{"id":381,"date":"2025-06-17T15:09:00","date_gmt":"2025-06-17T15:09:00","guid":{"rendered":"http:\/\/anazeenoff.test:8080\/about-2\/"},"modified":"2025-07-29T09:09:15","modified_gmt":"2025-07-29T09:09:15","slug":"about","status":"publish","type":"page","link":"https:\/\/anazeen.com\/ar\/about\/","title":{"rendered":"About"},"content":{"rendered":"<div data-elementor-type=\"wp-page\" data-elementor-id=\"381\" class=\"elementor elementor-381\">\n\t\t\t\t<div class=\"elementor-element elementor-element-0d9dcf9 e-flex e-con-boxed e-con e-parent\" data-id=\"0d9dcf9\" data-element_type=\"container\" data-settings=\"{&quot;background_background&quot;:&quot;classic&quot;}\">\n\t\t\t\t\t<div class=\"e-con-inner\">\n\t\t<div class=\"elementor-element elementor-element-e3d0853 e-con-full e-flex e-con e-child\" data-id=\"e3d0853\" data-element_type=\"container\">\n\t\t\t\t<div class=\"elementor-element elementor-element-eb6d120 elementor-widget elementor-widget-heading\" data-id=\"eb6d120\" data-element_type=\"widget\" data-widget_type=\"heading.default\">\n\t\t\t\t<div class=\"elementor-widget-container\">\n\t\t\t\t\t<h1 class=\"elementor-heading-title elementor-size-default\">by the way<\/h1>\t\t\t\t<\/div>\n\t\t\t\t<\/div>\n\t\t\t\t<div class=\"elementor-element elementor-element-0bd0220 elementor-widget elementor-widget-text-editor\" data-id=\"0bd0220\" data-element_type=\"widget\" data-widget_type=\"text-editor.default\">\n\t\t\t\t<div class=\"elementor-widget-container\">\n\t\t\t\t\t\t\t\t\t<p>Quand la nature inspire le soin, le corps et les cheveux retrouvent leur \u00e9clat originel.<\/p>\t\t\t\t\t\t\t\t<\/div>\n\t\t\t\t<\/div>\n\t\t\t\t<div class=\"elementor-element elementor-element-839b4ec elementor-widget-divider--view-line elementor-widget elementor-widget-divider\" data-id=\"839b4ec\" data-element_type=\"widget\" data-widget_type=\"divider.default\">\n\t\t\t\t<div class=\"elementor-widget-container\">\n\t\t\t\t\t\t\t<div class=\"elementor-divider\">\n\t\t\t<span class=\"elementor-divider-separator\">\n\t\t\t\t\t\t<\/span>\n\t\t<\/div>\n\t\t\t\t\t\t<\/div>\n\t\t\t\t<\/div>\n\t\t\t\t<\/div>\n\t\t\t\t\t<\/div>\n\t\t\t\t<\/div>\n\t\t<div class=\"elementor-element elementor-element-a2c0928 e-flex e-con-boxed e-con e-parent\" data-id=\"a2c0928\" data-element_type=\"container\" data-settings=\"{&quot;background_background&quot;:&quot;classic&quot;}\">\n\t\t\t\t\t<div class=\"e-con-inner\">\n\t\t<div class=\"elementor-element elementor-element-6f9c032 e-con-full e-flex e-con e-child\" data-id=\"6f9c032\" data-element_type=\"container\">\n\t\t<div class=\"elementor-element elementor-element-1a53c5a e-flex e-con-boxed e-con e-child\" data-id=\"1a53c5a\" data-element_type=\"container\">\n\t\t\t\t\t<div class=\"e-con-inner\">\n\t\t<div class=\"elementor-element elementor-element-30e6b9a e-con-full e-flex e-con e-child\" data-id=\"30e6b9a\" data-element_type=\"container\">\n\t\t\t\t<div class=\"elementor-element elementor-element-c9b4506 elementor-widget elementor-widget-heading\" data-id=\"c9b4506\" data-element_type=\"widget\" data-widget_type=\"heading.default\">\n\t\t\t\t<div class=\"elementor-widget-container\">\n\t\t\t\t\t<h6 class=\"elementor-heading-title elementor-size-default\">notre histoire<\/h6>\t\t\t\t<\/div>\n\t\t\t\t<\/div>\n\t\t\t\t<\/div>\n\t\t<div class=\"elementor-element elementor-element-9f653ec e-con-full e-flex e-con e-child\" data-id=\"9f653ec\" data-element_type=\"container\">\n\t\t\t\t<div class=\"elementor-element elementor-element-78996e5 elementor-widget elementor-widget-hfe-infocard\" data-id=\"78996e5\" data-element_type=\"widget\" data-widget_type=\"hfe-infocard.default\">\n\t\t\t\t<div class=\"elementor-widget-container\">\n\t\t\t\t\t\n\t\t<div class=\"hfe-infocard\">\n\t\t\t\t\t\t\t\t\t<div class=\"hfe-infocard-title-wrap\">\n\t\t\t\t<div class=\"hfe-infocard-title elementor-inline-editing\" data-elementor-setting-key=\"infocard_title\" data-elementor-inline-editing-toolbar=\"basic\" >\u0641\u064a Anazeen\u060c \u0646\u0624\u0645\u0646 \u0628\u062c\u0645\u0627\u0644 \u0637\u0628\u064a\u0639\u064a \u064a\u062d\u062a\u0631\u0645 \u0627\u0644\u0628\u0634\u0631\u0629 \u0648\u0627\u0644\u0628\u064a\u0626\u0629.<\/div>\t\t\t<\/div>\n\t\t\t\t\t\t<div class=\"hfe-infocard-text-wrap\">\n\t\t\t\t<div class=\"hfe-infocard-text elementor-inline-editing\" data-elementor-setting-key=\"infocard_description\" data-elementor-inline-editing-toolbar=\"advanced\">\n\t\t\t\t\t\u0648\u064f\u0644\u062f\u062a \u0639\u0644\u0627\u0645\u062a\u0646\u0627 \u0641\u064a \u0642\u0644\u0628 \u0627\u0644\u0637\u0628\u064a\u0639\u0629 \u0627\u0644\u0645\u063a\u0631\u0628\u064a\u0629\u060c \u062d\u064a\u062b \u0646\u062f\u0645\u062c \u0628\u064a\u0646 \u0627\u0644\u062a\u0642\u0627\u0644\u064a\u062f \u0627\u0644\u0639\u0631\u064a\u0642\u0629 \u0648\u0627\u0644\u0627\u0628\u062a\u0643\u0627\u0631 \u0627\u0644\u0639\u0644\u0645\u064a \u0644\u0635\u0646\u0639 \u0645\u0633\u062a\u062d\u0636\u0631\u0627\u062a \u0639\u0646\u0627\u064a\u0629 \u0641\u0639\u0627\u0644\u0629 \u0648\u0622\u0645\u0646\u0629 \u0648\u063a\u0646\u064a\u0629 \u0628\u0627\u0644\u0625\u062d\u0633\u0627\u0633.\n\u0646\u062e\u062a\u0627\u0631 \u0645\u0643\u0648\u0646\u0627\u062a \u0646\u0642\u064a\u0629 \u0645\u062b\u0644 \u0632\u064a\u062a \u0627\u0644\u0623\u0631\u0643\u0627\u0646\u060c \u0625\u0643\u0644\u064a\u0644 \u0627\u0644\u062c\u0628\u0644\u060c \u0627\u0644\u0623\u0644\u0648\u0629 \u0641\u064a\u0631\u0627 \u0648\u0632\u0647\u0631 \u0627\u0644\u0628\u0631\u062a\u0642\u0627\u0644\u060c \u0644\u0646\u0645\u0646\u062d \u0628\u0634\u0631\u062a\u0643 \u0648\u0634\u0639\u0631\u0643 \u0645\u0627 \u064a\u062d\u062a\u0627\u062c\u0627\u0646\u0647 \u0645\u0646 \u062a\u063a\u0630\u064a\u0629 \u0648\u062d\u064a\u0648\u064a\u0629.\n\u0643\u0644 \u0645\u0646\u062a\u062c \u0645\u0646 \u0623\u0646\u0632\u064a\u0646 \u0647\u0648 \u0648\u0639\u062f \u0628\u062c\u0645\u0627\u0644 \u0645\u062a\u062c\u062f\u062f\u060c \u064a\u0646\u0628\u0639 \u0645\u0646 \u0627\u0644\u0637\u0628\u064a\u0639\u0629 \u0648\u064a\u0639\u0648\u062f \u0625\u0644\u064a\u0647\u0627.<br>\n<strong style=\"margin-top:10px !important\">\u0623\u0635\u0627\u0644\u0629\u060c \u0637\u0628\u064a\u0639\u0629\u060c \u0627\u0644\u062a\u0632\u0627\u0645 \u2014 \u0647\u0630\u0627 \u0647\u0648 \u0645\u0641\u0647\u0648\u0645 \u0627\u0644\u062c\u0645\u0627\u0644 \u0644\u062f\u0649 \u0623\u0646\u0632\u064a\u0646.<\/strong>\t\t\t\t<\/div>\n\t\t\t\t\t\t\t<\/div>\n\t\t<\/div>\n\n\t\t\t\t\t\t<\/div>\n\t\t\t\t<\/div>\n\t\t\t\t<\/div>\n\t\t\t\t\t<\/div>\n\t\t\t\t<\/div>\n\t\t<div class=\"elementor-element elementor-element-b3d0f7d e-flex e-con-boxed e-con e-child\" data-id=\"b3d0f7d\" data-element_type=\"container\">\n\t\t\t\t\t<div class=\"e-con-inner\">\n\t\t\t\t<div class=\"elementor-element elementor-element-249f196 elementor-widget__width-initial elementor-widget-mobile__width-inherit elementor-view-stacked elementor-shape-circle elementor-position-top elementor-mobile-position-top elementor-widget elementor-widget-icon-box\" data-id=\"249f196\" data-element_type=\"widget\" data-widget_type=\"icon-box.default\">\n\t\t\t\t<div class=\"elementor-widget-container\">\n\t\t\t\t\t\t\t<div class=\"elementor-icon-box-wrapper\">\n\n\t\t\t\t\t\t<div class=\"elementor-icon-box-icon\">\n\t\t\t\t<span  class=\"elementor-icon\">\n\t\t\t\t<i aria-hidden=\"true\" class=\"fas fa-hand-sparkles\"><\/i>\t\t\t\t<\/span>\n\t\t\t<\/div>\n\t\t\t\n\t\t\t\t\t\t<div class=\"elementor-icon-box-content\">\n\n\t\t\t\t\t\t\t\t\t<h5 class=\"elementor-icon-box-title\">\n\t\t\t\t\t\t<span  >\n\t\t\t\t\t\t\t\u0644\u0643\u0644 \u0623\u0646\u0648\u0627\u0639 \u0627\u0644\u0628\u0634\u0631\u0629\t\t\t\t\t\t<\/span>\n\t\t\t\t\t<\/h5>\n\t\t\t\t\n\t\t\t\t\t\t\t\t\t<p class=\"elementor-icon-box-description\">\n\t\t\t\t\t\t\u062a\u0631\u0643\u064a\u0628\u0627\u062a\u0646\u0627 \u0645\u0646\u0627\u0633\u0628\u0629 \u0644\u062c\u0645\u064a\u0639 \u0623\u0646\u0648\u0627\u0639 \u0627\u0644\u0628\u0634\u0631\u0629\u060c \u062d\u062a\u0649 \u0627\u0644\u062d\u0633\u0627\u0633\u0629 \u0645\u0646\u0647\u0627.\n\u0641\u0639\u0627\u0644\u064a\u0629 \u0648\u0644\u0637\u0627\u0641\u0629 \u0641\u064a \u0622\u0646 \u0648\u0627\u062d\u062f.\t\t\t\t\t<\/p>\n\t\t\t\t\n\t\t\t<\/div>\n\t\t\t\n\t\t<\/div>\n\t\t\t\t\t\t<\/div>\n\t\t\t\t<\/div>\n\t\t\t\t<div class=\"elementor-element elementor-element-f2ee239 elementor-widget__width-initial elementor-widget-mobile__width-inherit elementor-view-stacked elementor-shape-circle elementor-position-top elementor-mobile-position-top elementor-widget elementor-widget-icon-box\" data-id=\"f2ee239\" data-element_type=\"widget\" data-widget_type=\"icon-box.default\">\n\t\t\t\t<div class=\"elementor-widget-container\">\n\t\t\t\t\t\t\t<div class=\"elementor-icon-box-wrapper\">\n\n\t\t\t\t\t\t<div class=\"elementor-icon-box-icon\">\n\t\t\t\t<span  class=\"elementor-icon\">\n\t\t\t\t<i aria-hidden=\"true\" class=\"fas fa-leaf\"><\/i>\t\t\t\t<\/span>\n\t\t\t<\/div>\n\t\t\t\n\t\t\t\t\t\t<div class=\"elementor-icon-box-content\">\n\n\t\t\t\t\t\t\t\t\t<h5 class=\"elementor-icon-box-title\">\n\t\t\t\t\t\t<span  >\n\t\t\t\t\t\t\t\u0639\u0636\u0648\u064a \u0648\u0646\u0642\u064a\t\t\t\t\t\t<\/span>\n\t\t\t\t\t<\/h5>\n\t\t\t\t\n\t\t\t\t\t\t\t\t\t<p class=\"elementor-icon-box-description\">\n\t\t\t\t\t\t\u0645\u0643\u0648\u0646\u0627\u062a \u0637\u0628\u064a\u0639\u064a\u0629 \u0648\u0639\u0636\u0648\u064a\u0629 \u0645\u062e\u062a\u0627\u0631\u0629 \u0628\u0639\u0646\u0627\u064a\u0629\u060c \u063a\u0646\u064a\u0629 \u0628\u0627\u0644\u0641\u0648\u0627\u0626\u062f \u0648\u062e\u0627\u0644\u064a\u0629 \u0645\u0646 \u0627\u0644\u0625\u0636\u0627\u0641\u0627\u062a \u0627\u0644\u0636\u0627\u0631\u0629.\t\t\t\t\t<\/p>\n\t\t\t\t\n\t\t\t<\/div>\n\t\t\t\n\t\t<\/div>\n\t\t\t\t\t\t<\/div>\n\t\t\t\t<\/div>\n\t\t\t\t<div class=\"elementor-element elementor-element-87e97a9 elementor-widget__width-initial elementor-widget-mobile__width-inherit elementor-view-stacked elementor-shape-circle elementor-position-top elementor-mobile-position-top elementor-widget elementor-widget-icon-box\" data-id=\"87e97a9\" data-element_type=\"widget\" data-widget_type=\"icon-box.default\">\n\t\t\t\t<div class=\"elementor-widget-container\">\n\t\t\t\t\t\t\t<div class=\"elementor-icon-box-wrapper\">\n\n\t\t\t\t\t\t<div class=\"elementor-icon-box-icon\">\n\t\t\t\t<span  class=\"elementor-icon\">\n\t\t\t\t<i aria-hidden=\"true\" class=\"fas fa-hand-holding-heart\"><\/i>\t\t\t\t<\/span>\n\t\t\t<\/div>\n\t\t\t\n\t\t\t\t\t\t<div class=\"elementor-icon-box-content\">\n\n\t\t\t\t\t\t\t\t\t<h5 class=\"elementor-icon-box-title\">\n\t\t\t\t\t\t<span  >\n\t\t\t\t\t\t\t\u0639\u0646\u0627\u064a\u0629 \u0637\u0628\u064a\u0639\u064a\u0629\t\t\t\t\t\t<\/span>\n\t\t\t\t\t<\/h5>\n\t\t\t\t\n\t\t\t\t\t\t\t\t\t<p class=\"elementor-icon-box-description\">\n\t\t\t\t\t\t\u0645\u0646\u062a\u062c\u0627\u062a \u0645\u0633\u062a\u0648\u062d\u0627\u0629 \u0645\u0646 \u0643\u0646\u0648\u0632 \u0627\u0644\u0637\u0628\u064a\u0639\u0629 \u0627\u0644\u0645\u063a\u0631\u0628\u064a\u0629\u060c \u062a\u062d\u062a\u0631\u0645 \u0628\u0634\u0631\u062a\u0643 \u0648\u0643\u0648\u0643\u0628\u0646\u0627.\t\t\t\t\t<\/p>\n\t\t\t\t\n\t\t\t<\/div>\n\t\t\t\n\t\t<\/div>\n\t\t\t\t\t\t<\/div>\n\t\t\t\t<\/div>\n\t\t\t\t\t<\/div>\n\t\t\t\t<\/div>\n\t\t\t\t<\/div>\n\t\t\t\t\t<\/div>\n\t\t\t\t<\/div>\n\t\t<div class=\"elementor-element elementor-element-99ceac2 elementor-hidden-desktop elementor-hidden-tablet elementor-hidden-mobile e-flex e-con-boxed e-con e-parent\" data-id=\"99ceac2\" data-element_type=\"container\" data-settings=\"{&quot;background_background&quot;:&quot;classic&quot;}\">\n\t\t\t\t\t<div class=\"e-con-inner\">\n\t\t<div class=\"elementor-element elementor-element-6252b70 e-con-full e-flex e-con e-child\" data-id=\"6252b70\" data-element_type=\"container\">\n\t\t<div class=\"elementor-element elementor-element-ac5bf04 e-flex e-con-boxed e-con e-child\" data-id=\"ac5bf04\" data-element_type=\"container\">\n\t\t\t\t\t<div class=\"e-con-inner\">\n\t\t\t\t<div class=\"elementor-element elementor-element-48f9956 elementor-widget__width-auto elementor-widget elementor-widget-heading\" data-id=\"48f9956\" data-element_type=\"widget\" data-widget_type=\"heading.default\">\n\t\t\t\t<div class=\"elementor-widget-container\">\n\t\t\t\t\t<h4 class=\"elementor-heading-title elementor-size-default\">Follow<\/h4>\t\t\t\t<\/div>\n\t\t\t\t<\/div>\n\t\t\t\t<div class=\"elementor-element elementor-element-1a91766 elementor-widget__width-auto elementor-widget elementor-widget-heading\" data-id=\"1a91766\" data-element_type=\"widget\" data-widget_type=\"heading.default\">\n\t\t\t\t<div class=\"elementor-widget-container\">\n\t\t\t\t\t<h4 class=\"elementor-heading-title elementor-size-default\"><a href=\"#\">@flawlesscleanser<\/a><\/h4>\t\t\t\t<\/div>\n\t\t\t\t<\/div>\n\t\t\t\t\t<\/div>\n\t\t\t\t<\/div>\n\t\t\t\t<div class=\"elementor-element elementor-element-cfff5b3 gallery-spacing-custom elementor-widget elementor-widget-image-gallery\" data-id=\"cfff5b3\" data-element_type=\"widget\" data-widget_type=\"image-gallery.default\">\n\t\t\t\t<div class=\"elementor-widget-container\">\n\t\t\t\t\t\t\t<div class=\"elementor-image-gallery\">\n\t\t\t<div id='gallery-1' class='gallery galleryid-381 gallery-columns-3 gallery-size-full'><figure class='gallery-item'>\n\t\t\t<div class='gallery-icon landscape'>\n\t\t\t\t<a data-elementor-open-lightbox=\"yes\" data-elementor-lightbox-slideshow=\"cfff5b3\" data-elementor-lightbox-title=\"skin-cleanser-template-gallery-img-6\" data-e-action-hash=\"#elementor-action%3Aaction%3Dlightbox%26settings%3DeyJpZCI6MjU2LCJ1cmwiOiJodHRwczpcL1wvYW5hemVlbi5jb21cL3dwLWNvbnRlbnRcL3VwbG9hZHNcLzIwMjFcLzA4XC9za2luLWNsZWFuc2VyLXRlbXBsYXRlLWdhbGxlcnktaW1nLTYuanBnIiwic2xpZGVzaG93IjoiY2ZmZjViMyJ9\" href='https:\/\/anazeen.com\/wp-content\/uploads\/2021\/08\/skin-cleanser-template-gallery-img-6.jpg'><img fetchpriority=\"high\" decoding=\"async\" width=\"320\" height=\"320\" src=\"https:\/\/anazeen.com\/wp-content\/uploads\/2021\/08\/skin-cleanser-template-gallery-img-6.jpg\" class=\"attachment-full size-full\" alt=\"\" srcset=\"https:\/\/anazeen.com\/wp-content\/uploads\/2021\/08\/skin-cleanser-template-gallery-img-6.jpg 320w, https:\/\/anazeen.com\/wp-content\/uploads\/2021\/08\/skin-cleanser-template-gallery-img-6-300x300.jpg 300w, https:\/\/anazeen.com\/wp-content\/uploads\/2021\/08\/skin-cleanser-template-gallery-img-6-150x150.jpg 150w, https:\/\/anazeen.com\/wp-content\/uploads\/2021\/08\/skin-cleanser-template-gallery-img-6-100x100.jpg 100w\" sizes=\"(max-width: 320px) 100vw, 320px\" \/><\/a>\n\t\t\t<\/div><\/figure><figure class='gallery-item'>\n\t\t\t<div class='gallery-icon landscape'>\n\t\t\t\t<a data-elementor-open-lightbox=\"yes\" data-elementor-lightbox-slideshow=\"cfff5b3\" data-elementor-lightbox-title=\"skin-cleanser-template-gallery-img-5\" data-e-action-hash=\"#elementor-action%3Aaction%3Dlightbox%26settings%3DeyJpZCI6MjU1LCJ1cmwiOiJodHRwczpcL1wvYW5hemVlbi5jb21cL3dwLWNvbnRlbnRcL3VwbG9hZHNcLzIwMjFcLzA4XC9za2luLWNsZWFuc2VyLXRlbXBsYXRlLWdhbGxlcnktaW1nLTUuanBnIiwic2xpZGVzaG93IjoiY2ZmZjViMyJ9\" href='https:\/\/anazeen.com\/wp-content\/uploads\/2021\/08\/skin-cleanser-template-gallery-img-5.jpg'><img decoding=\"async\" width=\"320\" height=\"320\" src=\"https:\/\/anazeen.com\/wp-content\/uploads\/2021\/08\/skin-cleanser-template-gallery-img-5.jpg\" class=\"attachment-full size-full\" alt=\"\" srcset=\"https:\/\/anazeen.com\/wp-content\/uploads\/2021\/08\/skin-cleanser-template-gallery-img-5.jpg 320w, https:\/\/anazeen.com\/wp-content\/uploads\/2021\/08\/skin-cleanser-template-gallery-img-5-300x300.jpg 300w, https:\/\/anazeen.com\/wp-content\/uploads\/2021\/08\/skin-cleanser-template-gallery-img-5-150x150.jpg 150w, https:\/\/anazeen.com\/wp-content\/uploads\/2021\/08\/skin-cleanser-template-gallery-img-5-100x100.jpg 100w\" sizes=\"(max-width: 320px) 100vw, 320px\" \/><\/a>\n\t\t\t<\/div><\/figure><figure class='gallery-item'>\n\t\t\t<div class='gallery-icon landscape'>\n\t\t\t\t<a data-elementor-open-lightbox=\"yes\" data-elementor-lightbox-slideshow=\"cfff5b3\" data-elementor-lightbox-title=\"skin-cleanser-template-gallery-img-4\" data-e-action-hash=\"#elementor-action%3Aaction%3Dlightbox%26settings%3DeyJpZCI6MjU0LCJ1cmwiOiJodHRwczpcL1wvYW5hemVlbi5jb21cL3dwLWNvbnRlbnRcL3VwbG9hZHNcLzIwMjFcLzA4XC9za2luLWNsZWFuc2VyLXRlbXBsYXRlLWdhbGxlcnktaW1nLTQuanBnIiwic2xpZGVzaG93IjoiY2ZmZjViMyJ9\" href='https:\/\/anazeen.com\/wp-content\/uploads\/2021\/08\/skin-cleanser-template-gallery-img-4.jpg'><img decoding=\"async\" width=\"320\" height=\"320\" src=\"https:\/\/anazeen.com\/wp-content\/uploads\/2021\/08\/skin-cleanser-template-gallery-img-4.jpg\" class=\"attachment-full size-full\" alt=\"\" \/><\/a>\n\t\t\t<\/div><\/figure><figure class='gallery-item'>\n\t\t\t<div class='gallery-icon landscape'>\n\t\t\t\t<a data-elementor-open-lightbox=\"yes\" data-elementor-lightbox-slideshow=\"cfff5b3\" data-elementor-lightbox-title=\"skin-cleanser-template-gallery-img-3\" data-e-action-hash=\"#elementor-action%3Aaction%3Dlightbox%26settings%3DeyJpZCI6MjUzLCJ1cmwiOiJodHRwczpcL1wvYW5hemVlbi5jb21cL3dwLWNvbnRlbnRcL3VwbG9hZHNcLzIwMjFcLzA4XC9za2luLWNsZWFuc2VyLXRlbXBsYXRlLWdhbGxlcnktaW1nLTMuanBnIiwic2xpZGVzaG93IjoiY2ZmZjViMyJ9\" href='https:\/\/anazeen.com\/wp-content\/uploads\/2021\/08\/skin-cleanser-template-gallery-img-3.jpg'><img loading=\"lazy\" decoding=\"async\" width=\"320\" height=\"320\" src=\"https:\/\/anazeen.com\/wp-content\/uploads\/2021\/08\/skin-cleanser-template-gallery-img-3.jpg\" class=\"attachment-full size-full\" alt=\"\" \/><\/a>\n\t\t\t<\/div><\/figure><figure class='gallery-item'>\n\t\t\t<div class='gallery-icon landscape'>\n\t\t\t\t<a data-elementor-open-lightbox=\"yes\" data-elementor-lightbox-slideshow=\"cfff5b3\" data-elementor-lightbox-title=\"skin-cleanser-template-gallery-img-2\" data-e-action-hash=\"#elementor-action%3Aaction%3Dlightbox%26settings%3DeyJpZCI6MjUyLCJ1cmwiOiJodHRwczpcL1wvYW5hemVlbi5jb21cL3dwLWNvbnRlbnRcL3VwbG9hZHNcLzIwMjFcLzA4XC9za2luLWNsZWFuc2VyLXRlbXBsYXRlLWdhbGxlcnktaW1nLTIuanBnIiwic2xpZGVzaG93IjoiY2ZmZjViMyJ9\" href='https:\/\/anazeen.com\/wp-content\/uploads\/2021\/08\/skin-cleanser-template-gallery-img-2.jpg'><img loading=\"lazy\" decoding=\"async\" width=\"320\" height=\"320\" src=\"https:\/\/anazeen.com\/wp-content\/uploads\/2021\/08\/skin-cleanser-template-gallery-img-2.jpg\" class=\"attachment-full size-full\" alt=\"\" \/><\/a>\n\t\t\t<\/div><\/figure><figure class='gallery-item'>\n\t\t\t<div class='gallery-icon landscape'>\n\t\t\t\t<a data-elementor-open-lightbox=\"yes\" data-elementor-lightbox-slideshow=\"cfff5b3\" data-elementor-lightbox-title=\"skin-cleanser-template-gallery-img-1\" data-e-action-hash=\"#elementor-action%3Aaction%3Dlightbox%26settings%3DeyJpZCI6MjUxLCJ1cmwiOiJodHRwczpcL1wvYW5hemVlbi5jb21cL3dwLWNvbnRlbnRcL3VwbG9hZHNcLzIwMjFcLzA4XC9za2luLWNsZWFuc2VyLXRlbXBsYXRlLWdhbGxlcnktaW1nLTEuanBnIiwic2xpZGVzaG93IjoiY2ZmZjViMyJ9\" href='https:\/\/anazeen.com\/wp-content\/uploads\/2021\/08\/skin-cleanser-template-gallery-img-1.jpg'><img loading=\"lazy\" decoding=\"async\" width=\"320\" height=\"320\" src=\"https:\/\/anazeen.com\/wp-content\/uploads\/2021\/08\/skin-cleanser-template-gallery-img-1.jpg\" class=\"attachment-full size-full\" alt=\"\" \/><\/a>\n\t\t\t<\/div><\/figure>\n\t\t<\/div>\n\t\t<\/div>\n\t\t\t\t\t\t<\/div>\n\t\t\t\t<\/div>\n\t\t\t\t<\/div>\n\t\t\t\t\t<\/div>\n\t\t\t\t<\/div>\n\t\t\t\t<\/div>","protected":false},"excerpt":{"rendered":"<p>by the way Quand la nature inspire le soin, le corps et les cheveux retrouvent leur \u00e9clat originel. notre histoire Chez Anazeen, nous croyons en une beaut\u00e9 qui respecte la nature et r\u00e9v\u00e8le l\u2019essence de chaque peau. N\u00e9e de la richesse botanique du Maroc, notre marque allie traditions ancestrales et innovation scientifique pour cr\u00e9er des [&hellip;]<\/p>","protected":false},"author":1,"featured_media":0,"parent":0,"menu_order":0,"comment_status":"closed","ping_status":"closed","template":"","meta":{"site-sidebar-layout":"no-sidebar","site-content-layout":"page-builder","ast-site-content-layout":"default","site-content-style":"default","site-sidebar-style":"default","ast-global-header-display":"","ast-banner-title-visibility":"","ast-main-header-display":"","ast-hfb-above-header-display":"","ast-hfb-below-header-display":"","ast-hfb-mobile-header-display":"","site-post-title":"disabled","ast-breadcrumbs-content":"disabled","ast-featured-img":"disabled","footer-sml-layout":"","theme-transparent-header-meta":"enabled","adv-header-id-meta":"","stick-header-meta":"","header-above-stick-meta":"","header-main-stick-meta":"","header-below-stick-meta":"","astra-migrate-meta-layouts":"default","ast-page-background-enabled":"default","ast-page-background-meta":{"desktop":{"background-color":"var(--ast-global-color-4)","background-image":"","background-repeat":"repeat","background-position":"center center","background-size":"auto","background-attachment":"scroll","background-type":"","background-media":"","overlay-type":"","overlay-color":"","overlay-opacity":"","overlay-gradient":""},"tablet":{"background-color":"","background-image":"","background-repeat":"repeat","background-position":"center center","background-size":"auto","background-attachment":"scroll","background-type":"","background-media":"","overlay-type":"","overlay-color":"","overlay-opacity":"","overlay-gradient":""},"mobile":{"background-color":"","background-image":"","background-repeat":"repeat","background-position":"center center","background-size":"auto","background-attachment":"scroll","background-type":"","background-media":"","overlay-type":"","overlay-color":"","overlay-opacity":"","overlay-gradient":""}},"ast-content-background-meta":{"desktop":{"background-color":"var(--ast-global-color-5)","background-image":"","background-repeat":"repeat","background-position":"center center","background-size":"auto","background-attachment":"scroll","background-type":"","background-media":"","overlay-type":"","overlay-color":"","overlay-opacity":"","overlay-gradient":""},"tablet":{"background-color":"var(--ast-global-color-5)","background-image":"","background-repeat":"repeat","background-position":"center center","background-size":"auto","background-attachment":"scroll","background-type":"","background-media":"","overlay-type":"","overlay-color":"","overlay-opacity":"","overlay-gradient":""},"mobile":{"background-color":"var(--ast-global-color-5)","background-image":"","background-repeat":"repeat","background-position":"center center","background-size":"auto","background-attachment":"scroll","background-type":"","background-media":"","overlay-type":"","overlay-color":"","overlay-opacity":"","overlay-gradient":""}},"footnotes":""},"class_list":["post-381","page","type-page","status-publish","hentry"],"_links":{"self":[{"href":"https:\/\/anazeen.com\/ar\/wp-json\/wp\/v2\/pages\/381","targetHints":{"allow":["GET"]}}],"collection":[{"href":"https:\/\/anazeen.com\/ar\/wp-json\/wp\/v2\/pages"}],"about":[{"href":"https:\/\/anazeen.com\/ar\/wp-json\/wp\/v2\/types\/page"}],"author":[{"embeddable":true,"href":"https:\/\/anazeen.com\/ar\/wp-json\/wp\/v2\/users\/1"}],"replies":[{"embeddable":true,"href":"https:\/\/anazeen.com\/ar\/wp-json\/wp\/v2\/comments?post=381"}],"version-history":[{"count":52,"href":"https:\/\/anazeen.com\/ar\/wp-json\/wp\/v2\/pages\/381\/revisions"}],"predecessor-version":[{"id":1472,"href":"https:\/\/anazeen.com\/ar\/wp-json\/wp\/v2\/pages\/381\/revisions\/1472"}],"wp:attachment":[{"href":"https:\/\/anazeen.com\/ar\/wp-json\/wp\/v2\/media?parent=381"}],"curies":[{"name":"wp","href":"https:\/\/api.w.org\/{rel}","templated":true}]}}