{"id":1256,"date":"2025-06-23T12:20:35","date_gmt":"2025-06-23T12:20:35","guid":{"rendered":"http:\/\/anazeenoff.test:8080\/?post_type=product&#038;p=1256"},"modified":"2025-10-06T10:27:28","modified_gmt":"2025-10-06T10:27:28","slug":"glow-candy","status":"publish","type":"product","link":"https:\/\/anazeen.com\/ar\/product\/glow-candy\/","title":{"rendered":"\u0643\u0631\u0627\u062a \u0641\u0631\u0643 \u0627\u0644\u062c\u0633\u0645"},"content":{"rendered":"<h2><strong>Glow Candy :<\/strong><\/h2>\n<p>Plongez dans une exp\u00e9rience de bain originale et sensorielle et offrez \u00e0 votre peau un rituel de beaut\u00e9 complet avec nos <strong>Glow Candy <\/strong>2-en-1, \u00e0 la texture innovante et surprenante comme un <strong>slime fondant<\/strong>.<\/p>\n<p>Pr\u00e9sent\u00e9es sous forme de petites boules, <a href=\"https:\/\/anazeen.com\/ar\/\">Anazeen<\/a> Glow Candy contiennent des ingr\u00e9dients exfoliants, nourrissants et adoucissants con\u00e7us pour \u00e9liminer en douceur les impuret\u00e9s et les cellules mortes, gr\u00e2ce \u00e0 ses grains fins, sans agresser l\u2019\u00e9piderme.<\/p>\n<p>Pas besoin d\u2019un gel douche ou savon, car nos Glow Candy sont un gommage-savonnage pratique et ludique, id\u00e9al pour une utilisation sous la douche ou dans le bain, procurant une exp\u00e9rience de bien-\u00eatre agr\u00e9able et revitalisante pour le corps et l\u2019esprit.<\/p>\n<p class=\"translation-block\">D\u00e9licatement parfum\u00e9 \u00e0 la <strong>fleur d\u2019oranger<\/strong>, il transforme votre routine en un v\u00e9ritable moment de plaisir et de bien-\u00eatre.<br>\r\n<strong>R\u00e9sultat :<\/strong> une peau douce, soyeuse, subtilement parfum\u00e9e, et une sensation ludique et r\u00e9confortante \u00e0 chaque utilisation.<\/p>\n<p><strong>\u0627\u0644\u0645\u0648\u0627\u0635\u0641\u0627\u062a: <\/strong><\/p>\n<p class=\"translation-block\">\u0627\u0644\u0645\u0643\u0648\u0646\u0627\u062a \u0627\u0644\u0631\u0626\u064a\u0633\u064a\u0629: \u063a\u0644\u064a\u0633\u0631\u064a\u0646 \u0646\u0628\u0627\u062a\u064a\u060c \u0632\u064a\u062a \u0627\u0644\u0623\u0631\u0643\u0627\u0646\u060c \u062c\u0644\u0651 \u0627\u0644\u0635\u0628\u0627\u0631...<\/p>\n<p class=\"translation-block\">\u0627\u0644\u062e\u0635\u0627\u0626\u0635: \u0643\u0631\u0627\u062a \u0645\u0639\u0637\u0651\u064e\u0631\u0629<\/p>\n<p><strong>\u0637\u0631\u064a\u0642\u0629 \u0627\u0644\u0627\u0633\u062a\u0639\u0645\u0627\u0644: <\/strong><\/p>\n<p class=\"translation-block\">\u0646\u0636\u0639 \u0627\u0644\u0645\u0642\u0634\u0631 \u0639\u0644\u0649 \u0628\u0634\u0631\u0629 \u0631\u0637\u0628\u0629 \u0648\u0645\u064f\u0628\u0644\u0651\u0644\u0629 \u0648\u0646\u0641\u0631\u0643 \u0627\u0644\u062c\u0633\u0645 \u0628\u062d\u0631\u0643\u0627\u062a \u062f\u0627\u0626\u0631\u064a\u0629 \u062e\u0641\u064a\u0641\u0629 \u0645\u0639 \u0627\u0644\u062a\u0631\u0643\u064a\u0632 \u0628\u0634\u0643\u0644 \u062e\u0627\u0635 \u0639\u0644\u0649 \u0627\u0644\u0645\u0646\u0627\u0637\u0642 \u0627\u0644\u062e\u0634\u0646\u0629 \u0644\u0646\u0638\u0627\u0641\u0629 \u0648\u062a\u0631\u0637\u064a\u0628 \u0623\u0643\u062b\u0631.<\/p>\n<p><strong>\u0627\u062d\u062a\u064a\u0627\u0637\u0627\u062a \u0627\u0644\u0627\u0633\u062a\u062e\u062f\u0627\u0645:<\/strong><\/p>\n<p>\u0644\u0627 \u064a\u062c\u0628 \u0645\u0644\u0627\u0645\u0633\u062a\u0647 \u0644\u0644\u0639\u064a\u0646\u064a\u0646\u060c \u0648\u0625\u0630\u0627 \u062d\u062f\u062b \u062a\u0644\u0627\u0645\u0633 \u0645\u0639 \u0627\u0644\u0639\u064a\u0646\u064a\u0646\u060c \u064a\u062c\u0628 \u0634\u0637\u0641\u0647 \u062c\u064a\u062f\u0627 \u0628\u0627\u0644\u0645\u0627\u0621. \u064a\u064f\u062d\u0641\u0638 \u0628\u0639\u064a\u062f\u064b\u0627 \u0639\u0646 \u0645\u062a\u0646\u0627\u0648\u0644 \u0627\u0644\u0623\u0637\u0641\u0627\u0644.<\/p>\n<p><strong>\u0627\u0644\u062a\u062e\u0632\u064a\u0646:<\/strong><\/p>\n<p>\u064a\u064f\u062d\u0641\u0638 \u0641\u064a \u0645\u0643\u0627\u0646 \u062c\u0627\u0641 \u0641\u064a \u062f\u0631\u062c\u0629 \u062d\u0631\u0627\u0631\u0629 \u0627\u0644\u063a\u0631\u0641\u0629 (15 \u062f\u0631\u062c\u0629 \u0625\u0644\u0649 25 \u062f\u0631\u062c\u0629 \u0645\u0626\u0648\u064a\u0629)\u060c \u0628\u0639\u064a\u062f\u0627\u064b \u0639\u0646 \u0627\u0644\u062d\u0631\u0627\u0631\u0629 \u0648\u0627\u0644\u0636\u0648\u0621. \u0641\u062a\u0631\u0629 \u0627\u0644\u0627\u0633\u062a\u062e\u062f\u0627\u0645 \u0627\u0644\u0645\u0648\u0635\u064a \u0628\u0647\u0627 \u0647\u064a 6 \u0623\u0634\u0647\u0631 \u0628\u0639\u062f \u0641\u062a\u062d \u0627\u0644\u0645\u0646\u062a\u0648\u062c<\/p>","protected":false},"excerpt":{"rendered":"<p>Glow Candy : Plongez dans une exp\u00e9rience de bain originale et sensorielle et offrez \u00e0 votre peau un rituel de beaut\u00e9 complet avec nos Glow Candy 2-en-1, \u00e0 la texture innovante et surprenante comme un slime fondant. Pr\u00e9sent\u00e9es sous forme de petites boules, Anazeen Glow Candy contiennent des ingr\u00e9dients exfoliants, nourrissants et adoucissants con\u00e7us pour [&hellip;]<\/p>","protected":false},"featured_media":1297,"comment_status":"open","ping_status":"closed","template":"","meta":{"site-sidebar-layout":"default","site-content-layout":"","ast-site-content-layout":"default","site-content-style":"default","site-sidebar-style":"default","ast-global-header-display":"","ast-banner-title-visibility":"","ast-main-header-display":"","ast-hfb-above-header-display":"","ast-hfb-below-header-display":"","ast-hfb-mobile-header-display":"","site-post-title":"","ast-breadcrumbs-content":"","ast-featured-img":"","footer-sml-layout":"","theme-transparent-header-meta":"default","adv-header-id-meta":"","stick-header-meta":"","header-above-stick-meta":"","header-main-stick-meta":"","header-below-stick-meta":"","astra-migrate-meta-layouts":"set","ast-page-background-enabled":"default","ast-page-background-meta":{"desktop":{"background-color":"var(--ast-global-color-4)","background-image":"","background-repeat":"repeat","background-position":"center center","background-size":"auto","background-attachment":"scroll","background-type":"","background-media":"","overlay-type":"","overlay-color":"","overlay-opacity":"","overlay-gradient":""},"tablet":{"background-color":"","background-image":"","background-repeat":"repeat","background-position":"center center","background-size":"auto","background-attachment":"scroll","background-type":"","background-media":"","overlay-type":"","overlay-color":"","overlay-opacity":"","overlay-gradient":""},"mobile":{"background-color":"","background-image":"","background-repeat":"repeat","background-position":"center center","background-size":"auto","background-attachment":"scroll","background-type":"","background-media":"","overlay-type":"","overlay-color":"","overlay-opacity":"","overlay-gradient":""}},"ast-content-background-meta":{"desktop":{"background-color":"var(--ast-global-color-5)","background-image":"","background-repeat":"repeat","background-position":"center center","background-size":"auto","background-attachment":"scroll","background-type":"","background-media":"","overlay-type":"","overlay-color":"","overlay-opacity":"","overlay-gradient":""},"tablet":{"background-color":"var(--ast-global-color-5)","background-image":"","background-repeat":"repeat","background-position":"center center","background-size":"auto","background-attachment":"scroll","background-type":"","background-media":"","overlay-type":"","overlay-color":"","overlay-opacity":"","overlay-gradient":""},"mobile":{"background-color":"var(--ast-global-color-5)","background-image":"","background-repeat":"repeat","background-position":"center center","background-size":"auto","background-attachment":"scroll","background-type":"","background-media":"","overlay-type":"","overlay-color":"","overlay-opacity":"","overlay-gradient":""}}},"product_brand":[],"product_cat":[90],"product_tag":[],"class_list":{"0":"post-1256","1":"product","2":"type-product","3":"status-publish","4":"has-post-thumbnail","6":"product_cat-gamme-corporelle","7":"desktop-align-left","8":"tablet-align-left","9":"mobile-align-left","11":"first","12":"instock","13":"shipping-taxable","14":"purchasable","15":"product-type-simple"},"_links":{"self":[{"href":"https:\/\/anazeen.com\/ar\/wp-json\/wp\/v2\/product\/1256","targetHints":{"allow":["GET"]}}],"collection":[{"href":"https:\/\/anazeen.com\/ar\/wp-json\/wp\/v2\/product"}],"about":[{"href":"https:\/\/anazeen.com\/ar\/wp-json\/wp\/v2\/types\/product"}],"replies":[{"embeddable":true,"href":"https:\/\/anazeen.com\/ar\/wp-json\/wp\/v2\/comments?post=1256"}],"wp:featuredmedia":[{"embeddable":true,"href":"https:\/\/anazeen.com\/ar\/wp-json\/wp\/v2\/media\/1297"}],"wp:attachment":[{"href":"https:\/\/anazeen.com\/ar\/wp-json\/wp\/v2\/media?parent=1256"}],"wp:term":[{"taxonomy":"product_brand","embeddable":true,"href":"https:\/\/anazeen.com\/ar\/wp-json\/wp\/v2\/product_brand?post=1256"},{"taxonomy":"product_cat","embeddable":true,"href":"https:\/\/anazeen.com\/ar\/wp-json\/wp\/v2\/product_cat?post=1256"},{"taxonomy":"product_tag","embeddable":true,"href":"https:\/\/anazeen.com\/ar\/wp-json\/wp\/v2\/product_tag?post=1256"}],"curies":[{"name":"wp","href":"https:\/\/api.w.org\/{rel}","templated":true}]}}