{"id":1258,"date":"2025-06-23T12:23:53","date_gmt":"2025-06-23T12:23:53","guid":{"rendered":"http:\/\/anazeenoff.test:8080\/?post_type=product&#038;p=1258"},"modified":"2025-08-07T08:56:24","modified_gmt":"2025-08-07T08:56:24","slug":"masque","status":"publish","type":"product","link":"https:\/\/anazeen.com\/ar\/product\/masque\/","title":{"rendered":"\u0645\u0627\u0633\u0643 \u0641\u0627\u0626\u0642 \u0627\u0644\u0646\u0639\u0648\u0645\u0629 - \u0645\u0636\u0627\u062f \u0644\u062a\u0633\u0627\u0642\u0637 \u0627\u0644\u0634\u0639\u0631"},"content":{"rendered":"<h2><strong>MASQUE ANTI-CHUTE:<\/strong><\/h2>\n<p>\u0645\u0627\u0633\u0643 \u0627\u0644\u0634\u0639\u0631 \u0641\u0627\u0626\u0642 \u0627\u0644\u0639\u0646\u0627\u064a\u0629\u060c \u0635\u064f\u0645\u0651\u0645 \u062e\u0635\u064a\u0635\u0627 \u0644\u062a\u0642\u0648\u064a\u0629 \u0627\u0644\u0634\u0639\u0631 \u0648\u062a\u0642\u0644\u064a\u0644 \u062a\u0633\u0627\u0642\u0637\u0647 \u0648\u062a\u062d\u0641\u064a\u0632 \u0627\u0644\u0628\u0635\u064a\u0644\u0627\u062a \u0644\u0646\u0645\u0648\u0647 \u0648\u062a\u063a\u0630\u064a\u0629 \u0623\u0644\u064a\u0627\u0641 \u0627\u0644\u0634\u0639\u0631 \u0648\u062a\u0646\u0639\u064a\u0645\u0647. \u0645\u062b\u0627\u0644\u064a \u0644\u0644\u0634\u0639\u0631 \u0627\u0644\u062e\u0641\u064a\u0641 \u0648\u0627\u0644\u0645\u062a\u0636\u0631\u0651\u0631 \u0644\u0643\u0648\u0646\u0647 \u063a\u0646\u064a \u0628\u0627\u0644\u0645\u0643\u0648\u0646\u0627\u062a \u0627\u0644\u0645\u0642\u0648\u064a\u0629 \u0648\u0627\u0644\u0645\u062d\u0641\u0651\u0632\u0629 \u0644\u0646\u0645\u0648 \u0627\u0644\u0634\u0639\u0631<\/p>\n<p>MASQUE ANTI-CHUTE Id\u00e9al pour les cheveux fragiles ou clairsem\u00e9s. Une texture riche pour une chevelure plus dense, plus forte et pleine de vitalit\u00e9.<\/p>\n<p>&nbsp;<\/p>\n<p><strong>SPECIFICATIONS\u00a0:<\/strong><\/p>\n<p><strong>\u0627\u0644\u0645\u0643\u0648\u0646\u0627\u062a \u0627\u0644\u0631\u0626\u064a\u0633\u064a\u0629: <\/strong>Huile de moutarde, <a href=\"https:\/\/fr.wikipedia.org\/wiki\/Noix_de_coco\" target=\"_blank\" rel=\"noopener\">noix de coco<\/a>, prot\u00e9ine de bl\u00e9, prot\u00e9ine de soie, k\u00e9ratine, biotine, ricin\u2026<\/p>\n<p><strong>\u0627\u0644\u062e\u0635\u0627\u0626\u0635:<\/strong> \u0645\u0627\u0633\u0643 \u0645\u0639\u0637\u0651\u064e\u0631 \u0644\u0644\u0634\u0639\u0631<\/p>\n<p>&nbsp;<\/p>\n<p><strong>\u0637\u0631\u064a\u0642\u0629 \u0627\u0644\u0627\u0633\u062a\u0639\u0645\u0627\u0644:<\/strong><\/p>\n<p>Appliquez le masque <a href=\"https:\/\/anazeen.com\/ar\/product-category\/gamme-capillaire\/\">capillaire<\/a> sur les cheveux propres et mouill\u00e9s, laissez agir pendant 10 \u00e0 20 minutes, puis rincez abondamment.<\/p>\n<p>&nbsp;<\/p>\n<p><strong>\u0627\u062d\u062a\u064a\u0627\u0637\u0627\u062a \u0627\u0644\u0627\u0633\u062a\u062e\u062f\u0627\u0645:<\/strong><\/p>\n<p>\u0644\u0627 \u064a\u062c\u0628 \u0645\u0644\u0627\u0645\u0633\u062a\u0647 \u0644\u0644\u0639\u064a\u0646\u064a\u0646\u060c \u0648\u0625\u0630\u0627 \u062d\u062f\u062b \u062a\u0644\u0627\u0645\u0633 \u0645\u0639 \u0627\u0644\u0639\u064a\u0646\u064a\u0646\u060c \u064a\u062c\u0628 \u0634\u0637\u0641\u0647 \u062c\u064a\u062f\u0627 \u0628\u0627\u0644\u0645\u0627\u0621. \u064a\u064f\u062d\u0641\u0638 \u0628\u0639\u064a\u062f\u064b\u0627 \u0639\u0646 \u0645\u062a\u0646\u0627\u0648\u0644 \u0627\u0644\u0623\u0637\u0641\u0627\u0644.<\/p>\n<p>&nbsp;<\/p>\n<p><strong>\u0627\u0644\u062a\u062e\u0632\u064a\u0646:<\/strong><\/p>\n<p>\u064a\u064f\u062d\u0641\u0638 \u0641\u064a \u0645\u0643\u0627\u0646 \u062c\u0627\u0641 \u0641\u064a \u062f\u0631\u062c\u0629 \u062d\u0631\u0627\u0631\u0629 \u0627\u0644\u063a\u0631\u0641\u0629 (15 \u062f\u0631\u062c\u0629 \u0625\u0644\u0649 25 \u062f\u0631\u062c\u0629 \u0645\u0626\u0648\u064a\u0629)\u060c \u0628\u0639\u064a\u062f\u0627\u064b \u0639\u0646 \u0627\u0644\u062d\u0631\u0627\u0631\u0629 \u0648\u0627\u0644\u0636\u0648\u0621. \u0641\u062a\u0631\u0629 \u0627\u0644\u0627\u0633\u062a\u062e\u062f\u0627\u0645 \u0627\u0644\u0645\u0648\u0635\u064a \u0628\u0647\u0627 \u0647\u064a 6 \u0623\u0634\u0647\u0631 \u0628\u0639\u062f \u0641\u062a\u062d \u0627\u0644\u0645\u0646\u062a\u0648\u062c<\/p>","protected":false},"excerpt":{"rendered":"<p>MASQUE ANTI-CHUTE: Soin capillaire intensif con\u00e7u pour renforcer les cheveux, r\u00e9duire la chute et stimuler la repousse, nourrir et lisser la fibre capillaire. Enrichi en actifs fortifiants et disciplinants, il nourrit en profondeur, stimule le cuir chevelu et contr\u00f4le les frisottis pour des cheveux plus forts, plus lisses et \u00e9clatants de sant\u00e9. MASQUE ANTI-CHUTE Id\u00e9al [&hellip;]<\/p>","protected":false},"featured_media":1295,"comment_status":"open","ping_status":"closed","template":"","meta":{"site-sidebar-layout":"default","site-content-layout":"","ast-site-content-layout":"default","site-content-style":"default","site-sidebar-style":"default","ast-global-header-display":"","ast-banner-title-visibility":"","ast-main-header-display":"","ast-hfb-above-header-display":"","ast-hfb-below-header-display":"","ast-hfb-mobile-header-display":"","site-post-title":"","ast-breadcrumbs-content":"","ast-featured-img":"","footer-sml-layout":"","theme-transparent-header-meta":"default","adv-header-id-meta":"","stick-header-meta":"","header-above-stick-meta":"","header-main-stick-meta":"","header-below-stick-meta":"","astra-migrate-meta-layouts":"set","ast-page-background-enabled":"default","ast-page-background-meta":{"desktop":{"background-color":"var(--ast-global-color-4)","background-image":"","background-repeat":"repeat","background-position":"center center","background-size":"auto","background-attachment":"scroll","background-type":"","background-media":"","overlay-type":"","overlay-color":"","overlay-opacity":"","overlay-gradient":""},"tablet":{"background-color":"","background-image":"","background-repeat":"repeat","background-position":"center center","background-size":"auto","background-attachment":"scroll","background-type":"","background-media":"","overlay-type":"","overlay-color":"","overlay-opacity":"","overlay-gradient":""},"mobile":{"background-color":"","background-image":"","background-repeat":"repeat","background-position":"center center","background-size":"auto","background-attachment":"scroll","background-type":"","background-media":"","overlay-type":"","overlay-color":"","overlay-opacity":"","overlay-gradient":""}},"ast-content-background-meta":{"desktop":{"background-color":"var(--ast-global-color-5)","background-image":"","background-repeat":"repeat","background-position":"center center","background-size":"auto","background-attachment":"scroll","background-type":"","background-media":"","overlay-type":"","overlay-color":"","overlay-opacity":"","overlay-gradient":""},"tablet":{"background-color":"var(--ast-global-color-5)","background-image":"","background-repeat":"repeat","background-position":"center center","background-size":"auto","background-attachment":"scroll","background-type":"","background-media":"","overlay-type":"","overlay-color":"","overlay-opacity":"","overlay-gradient":""},"mobile":{"background-color":"var(--ast-global-color-5)","background-image":"","background-repeat":"repeat","background-position":"center center","background-size":"auto","background-attachment":"scroll","background-type":"","background-media":"","overlay-type":"","overlay-color":"","overlay-opacity":"","overlay-gradient":""}}},"product_brand":[],"product_cat":[91],"product_tag":[],"class_list":{"0":"post-1258","1":"product","2":"type-product","3":"status-publish","4":"has-post-thumbnail","6":"product_cat-gamme-capillaire","7":"desktop-align-left","8":"tablet-align-left","9":"mobile-align-left","11":"first","12":"instock","13":"shipping-taxable","14":"purchasable","15":"product-type-simple"},"_links":{"self":[{"href":"https:\/\/anazeen.com\/ar\/wp-json\/wp\/v2\/product\/1258","targetHints":{"allow":["GET"]}}],"collection":[{"href":"https:\/\/anazeen.com\/ar\/wp-json\/wp\/v2\/product"}],"about":[{"href":"https:\/\/anazeen.com\/ar\/wp-json\/wp\/v2\/types\/product"}],"replies":[{"embeddable":true,"href":"https:\/\/anazeen.com\/ar\/wp-json\/wp\/v2\/comments?post=1258"}],"wp:featuredmedia":[{"embeddable":true,"href":"https:\/\/anazeen.com\/ar\/wp-json\/wp\/v2\/media\/1295"}],"wp:attachment":[{"href":"https:\/\/anazeen.com\/ar\/wp-json\/wp\/v2\/media?parent=1258"}],"wp:term":[{"taxonomy":"product_brand","embeddable":true,"href":"https:\/\/anazeen.com\/ar\/wp-json\/wp\/v2\/product_brand?post=1258"},{"taxonomy":"product_cat","embeddable":true,"href":"https:\/\/anazeen.com\/ar\/wp-json\/wp\/v2\/product_cat?post=1258"},{"taxonomy":"product_tag","embeddable":true,"href":"https:\/\/anazeen.com\/ar\/wp-json\/wp\/v2\/product_tag?post=1258"}],"curies":[{"name":"wp","href":"https:\/\/api.w.org\/{rel}","templated":true}]}}